{"id":963,"date":"2021-05-17T00:10:24","date_gmt":"2021-05-17T00:10:24","guid":{"rendered":"https:\/\/www.soledadedeminas.mg.gov.br\/v1\/?page_id=963"},"modified":"2021-05-17T00:28:15","modified_gmt":"2021-05-17T00:28:15","slug":"historia-da-cidade","status":"publish","type":"page","link":"https:\/\/www.soledadedeminas.mg.gov.br\/v1\/historia-da-cidade\/","title":{"rendered":"Hist\u00f3ria da Cidade"},"content":{"rendered":"<div class=\"fusion-fullwidth fullwidth-box fusion-builder-row-1 fusion-flex-container nonhundred-percent-fullwidth non-hundred-percent-height-scrolling\" style=\"background-color: rgba(255,255,255,0);background-position: center center;background-repeat: no-repeat;border-width: 0px 0px 0px 0px;border-color:#e2e2e2;border-style:solid;\" ><div class=\"fusion-builder-row fusion-row fusion-flex-align-items-flex-start\" style=\"max-width:1185.6px;margin-left: calc(-4% \/ 2 );margin-right: calc(-4% \/ 2 );\"><div class=\"fusion-layout-column fusion_builder_column fusion-builder-column-0 fusion_builder_column_1_1 1_1 fusion-flex-column\"><div class=\"fusion-column-wrapper fusion-flex-justify-content-flex-start fusion-content-layout-column\" style=\"background-position:left top;background-repeat:no-repeat;-webkit-background-size:cover;-moz-background-size:cover;-o-background-size:cover;background-size:cover;padding: 0px 0px 0px 0px;\"><div class=\"fusion-text fusion-text-1\"><p style=\"text-align: justify;\">A not\u00edcia mais\u00a0remota sobre o povoamento de Soledade \u00e9 a que se refere aos irm\u00e3os In\u00e1cio e Severo Teixeira que constru\u00edram em 1850 uma ponte sobre o Rio Verde, que ficou conhecida por Ponte dos Teixeiras.<\/p>\n<p style=\"text-align: justify;\">Em 1893, o capit\u00e3o Ant\u00f4nio Jos\u00e9 de Souza Rodrigues, dono da Fazenda Soledade, construiu uma capela e em seu redor surgiu um arraial que ficou conhecido com o nome da fazenda.<\/p>\n<p style=\"text-align: justify;\">Em 1901 foi criado o munic\u00edpio de Caxambu e o distrito de Soledade foi considerado uma das unidades distritais do mesmo.<\/p>\n<p style=\"text-align: justify;\">Em dezembro de 1938 foi criado o munic\u00edpio como distrito \u00fanico de Soledade, que passou a ser chamado de Ibatuba em 1943. Mais tarde, recebeu o atual nome de Soledade de Minas, a 27 de dezembro de 1948.<\/p>\n<p style=\"text-align: justify;\">O munic\u00edpio de Soledade de Minas est\u00e1 subordinado juridicialmente \u00e0 Comarca de Carmo de Minas.<\/p>\n<p style=\"text-align: justify;\">Desde 2000 a ferrovia voltou a fazer parte dos munic\u00edpio fazendo o passeio tur\u00edstico \u201cTrem das \u00c1guas\u201d, entre Soledade e S\u00e3o Louren\u00e7o.<\/p>\n<p style=\"text-align: justify;\">A cidade tem aproximadamente 6 mil habitantes, espalhados sobretudo pela zona rural. A economia do munic\u00edpio \u00e9 baseada na agropecu\u00e1ria, de leite, corte e cria\u00e7\u00e3o de pequenos animais. A piscicultura e a apicultura v\u00eam se expandido e as tradicionais culturas de caf\u00e9, milho, feij\u00e3o, arroz e olericultura tamb\u00e9m colaboram para a economia da cidade.<\/p>\n<p style=\"text-align: justify;\" align=\"center\"><strong>Origem e significado do Nome<\/strong><\/p>\n<p style=\"text-align: justify;\">A origem do nome do Munic\u00edpio remonta \u00e0 Fazenda Soledade e \u00e0 Esta\u00e7\u00e3o Soledade que foi constru\u00edda nas proximidades da fazenda.<\/p>\n<p style=\"text-align: justify;\">O seu significado vem da padroeira da cidade, Nossa Senhora de Soledade (tamb\u00e9m chamada de Nossa Senhora das Dores), que deve o seu nome \u00e0s Sete Dores da Virgem Maria. Ela \u00e9 representada sendo ferida por sete espadas no seu cora\u00e7\u00e3o imaculado. \u00c9 tamb\u00e9m seu s\u00edmbolo o Ros\u00e1rio das L\u00e1grimas, com 49 contas brancas divididas em sete partes de sete contas cada.<\/p>\n<p style=\"text-align: justify;\"><strong>\u00a0<\/strong><\/p>\n<p style=\"text-align: justify;\"><strong>Anivers\u00e1rio da Cidade:\u00a0<\/strong><\/p>\n<p style=\"text-align: justify;\">Dia 17 de dezembro<\/p>\n<\/div><\/div><style type=\"text\/css\">.fusion-body .fusion-builder-column-0{width:100% !important;margin-top : 0px;margin-bottom : 20px;}.fusion-builder-column-0 > .fusion-column-wrapper {padding-top : 0px !important;padding-right : 0px !important;margin-right : 1.92%;padding-bottom : 0px !important;padding-left : 0px !important;margin-left : 1.92%;}@media only screen and (max-width:1024px) {.fusion-body .fusion-builder-column-0{width:100% !important;order : 0;}.fusion-builder-column-0 > .fusion-column-wrapper {margin-right : 1.92%;margin-left : 1.92%;}}@media only screen and (max-width:640px) {.fusion-body .fusion-builder-column-0{width:100% !important;order : 0;}.fusion-builder-column-0 > .fusion-column-wrapper {margin-right : 1.92%;margin-left : 1.92%;}}<\/style><\/div><\/div><style type=\"text\/css\">.fusion-body .fusion-flex-container.fusion-builder-row-1{ padding-top : 0px;margin-top : 0px;padding-right : 0px;padding-bottom : 0px;margin-bottom : 0px;padding-left : 0px;}<\/style><\/div>\n","protected":false},"excerpt":{"rendered":"","protected":false},"author":1,"featured_media":966,"parent":0,"menu_order":0,"comment_status":"closed","ping_status":"closed","template":"","meta":[],"_links":{"self":[{"href":"https:\/\/www.soledadedeminas.mg.gov.br\/v1\/wp-json\/wp\/v2\/pages\/963"}],"collection":[{"href":"https:\/\/www.soledadedeminas.mg.gov.br\/v1\/wp-json\/wp\/v2\/pages"}],"about":[{"href":"https:\/\/www.soledadedeminas.mg.gov.br\/v1\/wp-json\/wp\/v2\/types\/page"}],"author":[{"embeddable":true,"href":"https:\/\/www.soledadedeminas.mg.gov.br\/v1\/wp-json\/wp\/v2\/users\/1"}],"replies":[{"embeddable":true,"href":"https:\/\/www.soledadedeminas.mg.gov.br\/v1\/wp-json\/wp\/v2\/comments?post=963"}],"version-history":[{"count":3,"href":"https:\/\/www.soledadedeminas.mg.gov.br\/v1\/wp-json\/wp\/v2\/pages\/963\/revisions"}],"predecessor-version":[{"id":967,"href":"https:\/\/www.soledadedeminas.mg.gov.br\/v1\/wp-json\/wp\/v2\/pages\/963\/revisions\/967"}],"wp:featuredmedia":[{"embeddable":true,"href":"https:\/\/www.soledadedeminas.mg.gov.br\/v1\/wp-json\/wp\/v2\/media\/966"}],"wp:attachment":[{"href":"https:\/\/www.soledadedeminas.mg.gov.br\/v1\/wp-json\/wp\/v2\/media?parent=963"}],"curies":[{"name":"wp","href":"https:\/\/api.w.org\/{rel}","templated":true}]}}