{"id":958,"date":"2021-05-16T23:17:27","date_gmt":"2021-05-16T23:17:27","guid":{"rendered":"https:\/\/www.soledadedeminas.mg.gov.br\/v1\/?page_id=958"},"modified":"2021-08-03T13:10:08","modified_gmt":"2021-08-03T13:10:08","slug":"estrutura-organizacional","status":"publish","type":"page","link":"https:\/\/www.soledadedeminas.mg.gov.br\/v1\/estrutura-organizacional\/","title":{"rendered":"Estrutura Organizacional"},"content":{"rendered":"<div class=\"fusion-fullwidth fullwidth-box fusion-builder-row-1 fusion-flex-container nonhundred-percent-fullwidth non-hundred-percent-height-scrolling\" style=\"background-color: rgba(255,255,255,0);background-position: center center;background-repeat: no-repeat;border-width: 0px 0px 0px 0px;border-color:#e2e2e2;border-style:solid;\" ><div class=\"fusion-builder-row fusion-row fusion-flex-align-items-flex-start\" style=\"max-width:1185.6px;margin-left: calc(-4% \/ 2 );margin-right: calc(-4% \/ 2 );\"><div class=\"fusion-layout-column fusion_builder_column fusion-builder-column-0 fusion_builder_column_1_1 1_1 fusion-flex-column\"><div class=\"fusion-column-wrapper fusion-flex-justify-content-flex-start fusion-content-layout-column\" style=\"background-position:left top;background-repeat:no-repeat;-webkit-background-size:cover;-moz-background-size:cover;-o-background-size:cover;background-size:cover;padding: 0px 0px 0px 0px;\"><style type=\"text\/css\">#accordion-958-1 .fusion-panel:hover, #accordion-958-1 .fusion-panel.hover{ background-color: #f9f9fb } #accordion-958-1 .fusion-panel { border-color:#e2e2e2; border-width:1px; background-color:#ffffff; }.fusion-accordian  #accordion-958-1 .panel-title a .fa-fusion-box{ color: #009fe3;}.fusion-accordian  #accordion-958-1 .panel-title a .fa-fusion-box:before{ font-size: 16px; width: 16px;}.fusion-accordian  #accordion-958-1.fusion-toggle-icon-right .fusion-toggle-heading{ margin-right: 34px;}.fusion-accordian  #accordion-958-1 .panel-title a{font-size:17px;}.fusion-accordian  #accordion-958-1 .panel-title a:hover, #accordion-958-1 .fusion-toggle-boxed-mode:hover .panel-title a { color: #009fe3;}.fusion-accordian  #accordion-958-1 .fusion-toggle-boxed-mode:hover .panel-title a .fa-fusion-box{ color: #009fe3;}.fusion-accordian  #accordion-958-1.fusion-toggle-icon-unboxed .fusion-panel .panel-title a:hover .fa-fusion-box{ color: #009fe3 !important;}<\/style><div class=\"accordian fusion-accordian\"><div class=\"panel-group fusion-toggle-icon-right fusion-toggle-icon-unboxed\" id=\"accordion-958-1\"><div class=\"fusion-panel panel-default fusion-toggle-no-divider fusion-toggle-boxed-mode\"><div class=\"panel-heading\"><h4 class=\"panel-title toggle\"><a class=\"active\" aria-expanded=\"true\" aria-controls=\"ad6df51500500fff9\" role=\"button\" data-toggle=\"collapse\" data-parent=\"#accordion-958-1\" data-target=\"#ad6df51500500fff9\" href=\"#ad6df51500500fff9\"><span class=\"fusion-toggle-icon-wrapper\" aria-hidden=\"true\"><i class=\"fa-fusion-box\" aria-hidden=\"true\"><\/i><\/span><span class=\"fusion-toggle-heading\">Prefeitura Municipal de Soledade de Minas<\/span><\/a><\/h4><\/div><div id=\"ad6df51500500fff9\" class=\"panel-collapse collapse in\"><div class=\"panel-body toggle-content fusion-clearfix\">\n<p>Prefeito: L\u00facio Ant\u00f4nio Alves<br \/>\nVice-Prefeito:<\/p>\n<p>Hor\u00e1rio de atendimento: segunda \u00e0 quinta-feira das 12:00 \u00e0s 17:00 e sexta-feira das 11:00 \u00e0s 16:00hs<br \/>\nRua Professora Rosina Magalh\u00e3es Ferreira, 134 \u2013\u00a0Centro<br \/>\nCEP: 37.478-000<br \/>\nTelefone: (35) 3333-1100<br \/>\n<a href=\"mailto:gabinete@soledadedeminas.mg.gov.br\">gabinete@soledadedeminas.mg.gov.br<\/a><\/p>\n<\/div><\/div><\/div><div class=\"fusion-panel panel-default fusion-toggle-no-divider fusion-toggle-boxed-mode\"><div class=\"panel-heading\"><h4 class=\"panel-title toggle\"><a class=\"active\" aria-expanded=\"true\" aria-controls=\"70739278cfa15c37c\" role=\"button\" data-toggle=\"collapse\" data-parent=\"#accordion-958-1\" data-target=\"#70739278cfa15c37c\" href=\"#70739278cfa15c37c\"><span class=\"fusion-toggle-icon-wrapper\" aria-hidden=\"true\"><i class=\"fa-fusion-box\" aria-hidden=\"true\"><\/i><\/span><span class=\"fusion-toggle-heading\">Departamento Municipal da Sa\u00fade<\/span><\/a><\/h4><\/div><div id=\"70739278cfa15c37c\" class=\"panel-collapse collapse in\"><div class=\"panel-body toggle-content fusion-clearfix\">\n<p style=\"text-align: justify;\">Gestor de S\u00e1ude: Cybele Junqueira<br \/>\nHor\u00e1rio de atendimento: segunda \u00e0 quinta-feira das 07:00 \u00e0s 17:00 e sexta-feira das 06:00 \u00e0s 16:00hs<br \/>\nRua Vereador Jos\u00e9 Afonso de Souza \u2013 Centro<br \/>\nTelefone: (35) 3333-1125<br \/>\n<a href=\"mailto:saude@saogoncalodosapucai.mg.gov.br\">saude@s<\/a><a href=\"mailto:gabinete@soledadedeminas.mg.gov.br\">oledadedeminas.mg.gov.br<\/a><\/p>\n<\/div><\/div><\/div><div class=\"fusion-panel panel-default fusion-toggle-no-divider fusion-toggle-boxed-mode\"><div class=\"panel-heading\"><h4 class=\"panel-title toggle\"><a class=\"active\" aria-expanded=\"true\" aria-controls=\"d0e2f67cfb5db8f9b\" role=\"button\" data-toggle=\"collapse\" data-parent=\"#accordion-958-1\" data-target=\"#d0e2f67cfb5db8f9b\" href=\"#d0e2f67cfb5db8f9b\"><span class=\"fusion-toggle-icon-wrapper\" aria-hidden=\"true\"><i class=\"fa-fusion-box\" aria-hidden=\"true\"><\/i><\/span><span class=\"fusion-toggle-heading\">Departamento da Educa\u00e7\u00e3o, Cultura e Turismo<\/span><\/a><\/h4><\/div><div id=\"d0e2f67cfb5db8f9b\" class=\"panel-collapse collapse in\"><div class=\"panel-body toggle-content fusion-clearfix\">\n<p>Gestora: C\u00edntia Mendes<br \/>\nHor\u00e1rio de atendimento: segunda \u00e0 sexta-feira das 07:00 \u00e0s 17:00hs<br \/>\nRua Jos\u00e9 Isalino s\/n \u2013 Centro<br \/>\nTelefone: (35) 3333-1172<br \/>\n<a href=\"mailto:saude@saogoncalodosapucai.mg.gov.br\">educacao@soledadedeminas.mg.gov.br<\/a><\/p>\n<\/div><\/div><\/div><div class=\"fusion-panel panel-default fusion-toggle-no-divider fusion-toggle-boxed-mode\"><div class=\"panel-heading\"><h4 class=\"panel-title toggle\"><a aria-expanded=\"false\" aria-controls=\"1dedf4ca8eda346a3\" role=\"button\" data-toggle=\"collapse\" data-parent=\"#accordion-958-1\" data-target=\"#1dedf4ca8eda346a3\" href=\"#1dedf4ca8eda346a3\"><span class=\"fusion-toggle-icon-wrapper\" aria-hidden=\"true\"><i class=\"fa-fusion-box\" aria-hidden=\"true\"><\/i><\/span><span class=\"fusion-toggle-heading\">Departamento de Esportes e Lazer<\/span><\/a><\/h4><\/div><div id=\"1dedf4ca8eda346a3\" class=\"panel-collapse collapse \"><div class=\"panel-body toggle-content fusion-clearfix\">\n<p>Secret\u00e1rio de Esporte: Adolfo Valenzi Jorge<br \/>\nHor\u00e1rio de atendimento: segunda \u00e0 sexta das 12:00 \u00e0s 17:00hs<br \/>\nRua Cezar de Lourenzo \u00a0s\/n \u2013 Centro\u00a0\u00a0 (Campo do SEC)<br \/>\nTelefone: (35) 3333-1870<br \/>\n<a href=\"mailto:esporte@soledadedeminas.mg.gov.br\">esporte@soledadedeminas.mg.gov.br<\/a><\/p>\n<\/div><\/div><\/div><div class=\"fusion-panel panel-default fusion-toggle-no-divider fusion-toggle-boxed-mode\"><div class=\"panel-heading\"><h4 class=\"panel-title toggle\"><a class=\"active\" aria-expanded=\"true\" aria-controls=\"6cc7a5fcd34552ba8\" role=\"button\" data-toggle=\"collapse\" data-parent=\"#accordion-958-1\" data-target=\"#6cc7a5fcd34552ba8\" href=\"#6cc7a5fcd34552ba8\"><span class=\"fusion-toggle-icon-wrapper\" aria-hidden=\"true\"><i class=\"fa-fusion-box\" aria-hidden=\"true\"><\/i><\/span><span class=\"fusion-toggle-heading\">Departamento de Tesouraria<\/span><\/a><\/h4><\/div><div id=\"6cc7a5fcd34552ba8\" class=\"panel-collapse collapse in\"><div class=\"panel-body toggle-content fusion-clearfix\">\n<p>Gestora Financeira: Raquel Garcia dos Santos<br \/>\nHor\u00e1rio de atendimento: segunda \u00e0 quinta-feira das 12:00 \u00e0s 17:00 e sexta-feira das 11:00 \u00e0s 16:00hs<br \/>\nRua Professora Rosina Magalh\u00e3es Ferreira, 134 \u2013\u00a0Centro<br \/>\nTelefone: (35) 3333-1100<br \/>\n<a href=\"mailto:esporte@soledadedeminas.mg.gov.br\">tesouraria@soledadedeminas.mg.gov.br<\/a><\/p>\n<\/div><\/div><\/div><div class=\"fusion-panel panel-default fusion-toggle-no-divider fusion-toggle-boxed-mode\"><div class=\"panel-heading\"><h4 class=\"panel-title toggle\"><a class=\"active\" aria-expanded=\"true\" aria-controls=\"47b37430261e4a149\" role=\"button\" data-toggle=\"collapse\" data-parent=\"#accordion-958-1\" data-target=\"#47b37430261e4a149\" href=\"#47b37430261e4a149\"><span class=\"fusion-toggle-icon-wrapper\" aria-hidden=\"true\"><i class=\"fa-fusion-box\" aria-hidden=\"true\"><\/i><\/span><span class=\"fusion-toggle-heading\">Departamento de Obras, Transporte e Servi\u00e7os Urbanos<\/span><\/a><\/h4><\/div><div id=\"47b37430261e4a149\" class=\"panel-collapse collapse in\"><div class=\"panel-body toggle-content fusion-clearfix\">\n<p>Secret\u00e1rio de Obras: \u00cdtalo Martins<br \/>\nHor\u00e1rio de atendimento: segunda \u00e0 quinta-feira das 07:00 \u00e0s 17:00 e sexta-feira das 06:00 \u00e0s 16:00hs<br \/>\nRua Professora Rosina Magalh\u00e3es Ferreira, 134 \u2013\u00a0Centro<br \/>\nTelefone: (35) 3333-1100<br \/>\n<a href=\"mailto:esporte@soledadedeminas.mg.gov.br\">obras@soledadedeminas.mg.gov.br<\/a><\/p>\n<\/div><\/div><\/div><div class=\"fusion-panel panel-default fusion-toggle-no-divider fusion-toggle-boxed-mode\"><div class=\"panel-heading\"><h4 class=\"panel-title toggle\"><a class=\"active\" aria-expanded=\"true\" aria-controls=\"27fdf48e060cbc95c\" role=\"button\" data-toggle=\"collapse\" data-parent=\"#accordion-958-1\" data-target=\"#27fdf48e060cbc95c\" href=\"#27fdf48e060cbc95c\"><span class=\"fusion-toggle-icon-wrapper\" aria-hidden=\"true\"><i class=\"fa-fusion-box\" aria-hidden=\"true\"><\/i><\/span><span class=\"fusion-toggle-heading\">CRAS<\/span><\/a><\/h4><\/div><div id=\"27fdf48e060cbc95c\" class=\"panel-collapse collapse in\"><div class=\"panel-body toggle-content fusion-clearfix\">\n<p>Gestora: Michelle Matias Cassiano<br \/>\nHor\u00e1rio de atendimento: segunda \u00e0 sexta-feira das 07:00\u00e0s 17:00hs<br \/>\nRua Abr\u00e3o Calil Matuck. 279 \u2013 Centro<br \/>\nTelefone: (35) 3333-1302<br \/>\n<a href=\"mailto:esporte@soledadedeminas.mg.gov.br\">cras@soledadedeminas.mg.gov.br<\/a><\/p>\n<\/div><\/div><\/div><div class=\"fusion-panel panel-default fusion-toggle-no-divider fusion-toggle-boxed-mode\"><div class=\"panel-heading\"><h4 class=\"panel-title toggle\"><a class=\"active\" aria-expanded=\"true\" aria-controls=\"d060e34fcd8b5f03e\" role=\"button\" data-toggle=\"collapse\" data-parent=\"#accordion-958-1\" data-target=\"#d060e34fcd8b5f03e\" href=\"#d060e34fcd8b5f03e\"><span class=\"fusion-toggle-icon-wrapper\" aria-hidden=\"true\"><i class=\"fa-fusion-box\" aria-hidden=\"true\"><\/i><\/span><span class=\"fusion-toggle-heading\">Departamento Servi\u00e7os Rurais<\/span><\/a><\/h4><\/div><div id=\"d060e34fcd8b5f03e\" class=\"panel-collapse collapse in\"><div class=\"panel-body toggle-content fusion-clearfix\">Respons\u00e1vel: Leandro Taveira Maciel<br \/>\nHor\u00e1rio de atendimento: segunda \u00e0 quinta-feira das 12:00 \u00e0s 17:00 e sexta-feira das 11:00 \u00e0s 16:00\u00a0hs<br \/>\nRua Professora Rosina Magalh\u00e3es Ferreira, 134 \u2013\u00a0Centro<br \/>\nCEP: 37.478-000<br \/>\nTelefone: (35) 3333-1100<br \/>\n<a href=\"mailto:gabinete@soledadedeminas.mg.gov.br\">gabinete@soledadedeminas.mg.gov.br<\/a><\/div><\/div><\/div><\/div><\/div><\/div><style type=\"text\/css\">.fusion-body .fusion-builder-column-0{width:100% !important;margin-top : 0px;margin-bottom : 20px;}.fusion-builder-column-0 > .fusion-column-wrapper {padding-top : 0px !important;padding-right : 0px !important;margin-right : 1.92%;padding-bottom : 0px !important;padding-left : 0px !important;margin-left : 1.92%;}@media only screen and (max-width:1024px) {.fusion-body .fusion-builder-column-0{width:100% !important;order : 0;}.fusion-builder-column-0 > .fusion-column-wrapper {margin-right : 1.92%;margin-left : 1.92%;}}@media only screen and (max-width:640px) {.fusion-body .fusion-builder-column-0{width:100% !important;order : 0;}.fusion-builder-column-0 > .fusion-column-wrapper {margin-right : 1.92%;margin-left : 1.92%;}}<\/style><\/div><\/div><style type=\"text\/css\">.fusion-body .fusion-flex-container.fusion-builder-row-1{ padding-top : 0px;margin-top : 0px;padding-right : 0px;padding-bottom : 0px;margin-bottom : 0px;padding-left : 0px;}<\/style><\/div>\n","protected":false},"excerpt":{"rendered":"","protected":false},"author":1,"featured_media":0,"parent":0,"menu_order":0,"comment_status":"closed","ping_status":"closed","template":"","meta":[],"_links":{"self":[{"href":"https:\/\/www.soledadedeminas.mg.gov.br\/v1\/wp-json\/wp\/v2\/pages\/958"}],"collection":[{"href":"https:\/\/www.soledadedeminas.mg.gov.br\/v1\/wp-json\/wp\/v2\/pages"}],"about":[{"href":"https:\/\/www.soledadedeminas.mg.gov.br\/v1\/wp-json\/wp\/v2\/types\/page"}],"author":[{"embeddable":true,"href":"https:\/\/www.soledadedeminas.mg.gov.br\/v1\/wp-json\/wp\/v2\/users\/1"}],"replies":[{"embeddable":true,"href":"https:\/\/www.soledadedeminas.mg.gov.br\/v1\/wp-json\/wp\/v2\/comments?post=958"}],"version-history":[{"count":4,"href":"https:\/\/www.soledadedeminas.mg.gov.br\/v1\/wp-json\/wp\/v2\/pages\/958\/revisions"}],"predecessor-version":[{"id":1175,"href":"https:\/\/www.soledadedeminas.mg.gov.br\/v1\/wp-json\/wp\/v2\/pages\/958\/revisions\/1175"}],"wp:attachment":[{"href":"https:\/\/www.soledadedeminas.mg.gov.br\/v1\/wp-json\/wp\/v2\/media?parent=958"}],"curies":[{"name":"wp","href":"https:\/\/api.w.org\/{rel}","templated":true}]}}