{"id":1468,"date":"2023-12-11T19:00:18","date_gmt":"2023-12-11T19:00:18","guid":{"rendered":"https:\/\/www.soledadedeminas.mg.gov.br\/v1\/?page_id=1468"},"modified":"2023-12-11T22:28:28","modified_gmt":"2023-12-11T22:28:28","slug":"lei-paulo-gustavo","status":"publish","type":"page","link":"https:\/\/www.soledadedeminas.mg.gov.br\/v1\/lei-paulo-gustavo\/","title":{"rendered":"Lei Paulo Gustavo"},"content":{"rendered":"<script type='text\/javascript' src='https:\/\/www.soledadedeminas.mg.gov.br\/v1\/wp-includes\/js\/jquery\/jquery.js?ver=1.12.4-wp' id='jquery-core-js'><\/script>\n<script type='text\/javascript' src='https:\/\/www.soledadedeminas.mg.gov.br\/v1\/wp-content\/plugins\/WP-Filebase-master\/extras\/jquery\/dataTables\/datatables.min.js?ver=0.3.4.24' id='jquery-dataTables-js'><\/script>\n\r\n<link rel='stylesheet' id='jquery-dataTables-css'  href='https:\/\/www.soledadedeminas.mg.gov.br\/v1\/wp-content\/plugins\/WP-Filebase-master\/extras\/jquery\/dataTables\/datatables.min.css?ver=0.3.4.24' type='text\/css' media='all' \/>\n\r\n<table id=\"wpfb-data-table-69fb1b80ebf80\">\r\n<thead>\r\n\t<tr><th scope=\"col\">DOCUMENTOS PUBLICADOS<\/th><th scope=\"col\">ID<\/th><\/tr>\r\n<\/thead>\r\n<tbody><tr>\r\n<td bgcolor=\"#ffffff\">\r\n<br>\r\n<center><u><b><font color=black><a href=\"https:\/\/www.soledadedeminas.mg.gov.br\/v1\/download\/lei_paulo_gustavo\/ata_resultado_edital_052024.pdf\">ATA DA REUNI\u00c3O PARA DIVULGA\u00c7\u00c3O DO RESULTADO PRELIMINAR DO EDITAL 05\/2024 \u2013 FOMENTO AUDIOVISUAL LEI PAULO GUSTAVO \u2013 MUNIC\u00cdPIO DE SOLEDADE DE MINAS\/MG<\/font><\/a><\/center><\/u><\/b>\r\n<br>\r\n<font color=black><b>Descri\u00e7\u00e3o:<\/b><br> <p style=\"text-align: justify;\">Aos cinco dias do m\u00eas de setembro de dois mil e vinte e quatro, \u00e0s 8h00, reuniram-se na sede do Departamento Municipal de Turismo e Cultura de Soledade de Minas\/MG, os pareceristas Alexander Ivan de Almeida Oliveira e Paula Alves Netto, juntamente com o senhor Alexandre Veloso, para an\u00e1lise final e divulga\u00e7\u00e3o do resultado preliminar referente ao Edital 05\/2024 \u2013 Fomento Audiovisual da Lei Paulo Gustavo. A reuni\u00e3o teve in\u00edcio com a leitura e valida\u00e7\u00e3o das pontua\u00e7\u00f5es atribu\u00eddas pelos pareceristas aos proponentes participantes, conforme os crit\u00e9rios estabelecidos no edital.<\/p><\/font><br><br>\r\n<font color=black><b>Downloads:<\/b>  200<\/font><br>\r\n<font color=black><b>Tamanho:<\/b>  110 KiB<\/font><br>\r\n<font color=black><b>Data da Publica\u00e7\u00e3o:<\/b> 05\/09\/2024<\/font><br>\r\n<a href=\"https:\/\/www.soledadedeminas.mg.gov.br\/v1\/download\/lei_paulo_gustavo\/ata_resultado_edital_052024.pdf\"><b><center><font color=#0f70b7>Clique aqui para realizar o download (formato: pdf)<\/font><\/center><\/b><\/a><br>\r\n<center><img src=\"https:\/\/www.soledadedeminas.mg.gov.br\/v1\/wp-content\/uploads\/2021\/04\/divisor_4.png\"\/><\/center>\r\n<\/td>\r\n<td bgcolor=\"#0473aa\"><center><font color=\"white\">319<\/font><\/center><\/td>\r\n<\/tr><tr>\r\n<td bgcolor=\"#ffffff\">\r\n<br>\r\n<center><u><b><font color=black><a href=\"https:\/\/www.soledadedeminas.mg.gov.br\/v1\/download\/lei_paulo_gustavo\/TABELA-DE-divulgacao-resultado-preliminar-edital-05.2024.pdf\">RESULTADO PRELIMINAR DO EDITAL 05\/2024 - FOMENTO AUDIOVISUAL<\/font><\/a><\/center><\/u><\/b>\r\n<br>\r\n<font color=black><b>Descri\u00e7\u00e3o:<\/b><br> Torna p\u00fablico o resultado preliminar dos projetos culturais submetidos ao Edital.<\/font><br><br>\r\n<font color=black><b>Downloads:<\/b>  183<\/font><br>\r\n<font color=black><b>Tamanho:<\/b>  101 KiB<\/font><br>\r\n<font color=black><b>Data da Publica\u00e7\u00e3o:<\/b> 05\/09\/2024<\/font><br>\r\n<a href=\"https:\/\/www.soledadedeminas.mg.gov.br\/v1\/download\/lei_paulo_gustavo\/TABELA-DE-divulgacao-resultado-preliminar-edital-05.2024.pdf\"><b><center><font color=#0f70b7>Clique aqui para realizar o download (formato: pdf)<\/font><\/center><\/b><\/a><br>\r\n<center><img src=\"https:\/\/www.soledadedeminas.mg.gov.br\/v1\/wp-content\/uploads\/2021\/04\/divisor_4.png\"\/><\/center>\r\n<\/td>\r\n<td bgcolor=\"#0473aa\"><center><font color=\"white\">318<\/font><\/center><\/td>\r\n<\/tr><tr>\r\n<td bgcolor=\"#ffffff\">\r\n<br>\r\n<center><u><b><font color=black><a href=\"https:\/\/www.soledadedeminas.mg.gov.br\/v1\/download\/lei_paulo_gustavo\/edital-fomento-videoclipe-2024-1-1.pdf\">EDITAL DE CHAMAMENTO P\u00daBLICO N\u00ba 05 \/2024 - Fomento Audiovisual<\/font><\/a><\/center><\/u><\/b>\r\n<br>\r\n<font color=black><b>Descri\u00e7\u00e3o:<\/b><br> <p style=\"text-align: justify;\">O objeto deste Edital \u00e9 a sele\u00e7\u00e3o de projetos culturais de AUDIOVISUAL para receberem apoio financeiro na categoria videoclipe, por meio da celebra\u00e7\u00e3o de Termo de Execu\u00e7\u00e3o Cultural, com o objetivo de incentivar manifesta\u00e7\u00f5es culturais do Munic\u00edpio de Soledade de Minas\/MG.<\/p><\/font><br><br>\r\n<font color=black><b>Downloads:<\/b>  216<\/font><br>\r\n<font color=black><b>Tamanho:<\/b>  860 KiB<\/font><br>\r\n<font color=black><b>Data da Publica\u00e7\u00e3o:<\/b> 21\/08\/2024<\/font><br>\r\n<a href=\"https:\/\/www.soledadedeminas.mg.gov.br\/v1\/download\/lei_paulo_gustavo\/edital-fomento-videoclipe-2024-1-1.pdf\"><b><center><font color=#0f70b7>Clique aqui para realizar o download (formato: pdf)<\/font><\/center><\/b><\/a><br>\r\n<center><img src=\"https:\/\/www.soledadedeminas.mg.gov.br\/v1\/wp-content\/uploads\/2021\/04\/divisor_4.png\"\/><\/center>\r\n<\/td>\r\n<td bgcolor=\"#0473aa\"><center><font color=\"white\">315<\/font><\/center><\/td>\r\n<\/tr><tr>\r\n<td bgcolor=\"#ffffff\">\r\n<br>\r\n<center><u><b><font color=black><a href=\"https:\/\/www.soledadedeminas.mg.gov.br\/v1\/download\/lei_paulo_gustavo\/paulo-gustavo-resultado-final-pag-01-1.pdf\">Resultado Final - Edital N\u00ba 004\/2024 - Lei Paulo Gustavo<\/font><\/a><\/center><\/u><\/b>\r\n<br>\r\n<font color=black><b>Descri\u00e7\u00e3o:<\/b><br> <p style=\"text-align: justify;\">O Departamento de Turismo e Cultura de Soledade de Minas, atrav\u00e9s da Comiss\u00e3o de Sele\u00e7\u00e3o e Julgamento, nomeada pela Portaria Municipal 33\/2024 e atuante nos projetos inscritos nos editais de chamamento p\u00fablico 04\/2024, referentes \u00e0 Lei Federal Complementar 195\/2022 \u2013 Lei Paulo Gustavo, no Munic\u00edpio de Soledade de Minas\/MG, torna p\u00fablico o seu resultado, conforme se descreve adiante.<\/p><\/font><br><br>\r\n<font color=black><b>Downloads:<\/b>  220<\/font><br>\r\n<font color=black><b>Tamanho:<\/b>  373 KiB<\/font><br>\r\n<font color=black><b>Data da Publica\u00e7\u00e3o:<\/b> 12\/07\/2024<\/font><br>\r\n<a href=\"https:\/\/www.soledadedeminas.mg.gov.br\/v1\/download\/lei_paulo_gustavo\/paulo-gustavo-resultado-final-pag-01-1.pdf\"><b><center><font color=#0f70b7>Clique aqui para realizar o download (formato: pdf)<\/font><\/center><\/b><\/a><br>\r\n<center><img src=\"https:\/\/www.soledadedeminas.mg.gov.br\/v1\/wp-content\/uploads\/2021\/04\/divisor_4.png\"\/><\/center>\r\n<\/td>\r\n<td bgcolor=\"#0473aa\"><center><font color=\"white\">296<\/font><\/center><\/td>\r\n<\/tr><tr>\r\n<td bgcolor=\"#ffffff\">\r\n<br>\r\n<center><u><b><font color=black><a href=\"https:\/\/www.soledadedeminas.mg.gov.br\/v1\/download\/lei_paulo_gustavo\/SELECAO-DE-JULGAMENTO-FOLHA-01.pdf\">Ata da Reuni\u00e3o da Comiss\u00e3o de Sele\u00e7\u00e3o e Julgamento - Edital N\u00ba 004\/2024 - Lei Paulo Gustavo<\/font><\/a><\/center><\/u><\/b>\r\n<br>\r\n<font color=black><b>Descri\u00e7\u00e3o:<\/b><br> Ata da Reuni\u00e3o da Comiss\u00e3o de Sele\u00e7\u00e3o e Julgamento<\/font><br><br>\r\n<font color=black><b>Downloads:<\/b>  185<\/font><br>\r\n<font color=black><b>Tamanho:<\/b>  478 KiB<\/font><br>\r\n<font color=black><b>Data da Publica\u00e7\u00e3o:<\/b> 09\/07\/2024<\/font><br>\r\n<a href=\"https:\/\/www.soledadedeminas.mg.gov.br\/v1\/download\/lei_paulo_gustavo\/SELECAO-DE-JULGAMENTO-FOLHA-01.pdf\"><b><center><font color=#0f70b7>Clique aqui para realizar o download (formato: pdf)<\/font><\/center><\/b><\/a><br>\r\n<center><img src=\"https:\/\/www.soledadedeminas.mg.gov.br\/v1\/wp-content\/uploads\/2021\/04\/divisor_4.png\"\/><\/center>\r\n<\/td>\r\n<td bgcolor=\"#0473aa\"><center><font color=\"white\">295<\/font><\/center><\/td>\r\n<\/tr><tr>\r\n<td bgcolor=\"#ffffff\">\r\n<br>\r\n<center><u><b><font color=black><a href=\"https:\/\/www.soledadedeminas.mg.gov.br\/v1\/download\/lei_paulo_gustavo\/SCAN0041.PDF\">Edital N\u00ba 004\/2024 - Lei Paulo Gustavo<\/font><\/a><\/center><\/u><\/b>\r\n<br>\r\n<font color=black><b>Descri\u00e7\u00e3o:<\/b><br> <p style=\"text-align: justify;\">O objeto deste edital \u00e9 o CREDENCIAMENTO de m\u00fasicos e artes\u00e3os, tanto pessoas f\u00edsicas quanto Microempreendedores Individuas (MEI), interessados em se apresentar e expor seus trabalhos na Festa Julina e na Eprosol, ambas as festas que ser\u00e3o realizadas em Soledade de Minas\/MG.<\/p><\/font><br><br>\r\n<font color=black><b>Downloads:<\/b>  271<\/font><br>\r\n<font color=black><b>Tamanho:<\/b>  307 KiB<\/font><br>\r\n<font color=black><b>Data da Publica\u00e7\u00e3o:<\/b> 27\/06\/2024<\/font><br>\r\n<a href=\"https:\/\/www.soledadedeminas.mg.gov.br\/v1\/download\/lei_paulo_gustavo\/SCAN0041.PDF\"><b><center><font color=#0f70b7>Clique aqui para realizar o download (formato: pdf)<\/font><\/center><\/b><\/a><br>\r\n<center><img src=\"https:\/\/www.soledadedeminas.mg.gov.br\/v1\/wp-content\/uploads\/2021\/04\/divisor_4.png\"\/><\/center>\r\n<\/td>\r\n<td bgcolor=\"#0473aa\"><center><font color=\"white\">285<\/font><\/center><\/td>\r\n<\/tr><tr>\r\n<td bgcolor=\"#ffffff\">\r\n<br>\r\n<center><u><b><font color=black><a href=\"https:\/\/www.soledadedeminas.mg.gov.br\/v1\/download\/lei_paulo_gustavo\/Resultado-final-Lei-Paulo-Gustavo-Soledade-de-Minas-28-02.pdf\">Resultado Final - Lei Paulo Gustavo Soledade De Minas 28-02<\/font><\/a><\/center><\/u><\/b>\r\n<br>\r\n<font color=black><b>Descri\u00e7\u00e3o:<\/b><br> <p style=\"text-align: justify;\">O Departamento de Turismo e Cultura de Soledade de Minas, atrav\u00e9s da Comiss\u00e3o de Sele\u00e7\u00e3o e Julgamento,nomeada pela Portaria Municipal 33\/2024 e atuante nos projetos inscritos nos editais de chamamento p\u00fablico 02\/2023 e 03\/2023, referentes \u00e0 Lei Federal Complementar 195\/2022\u2013 Lei Paulo Gustavo, no Munic\u00edpio de Soledade de Minas\/MG, torna p\u00fablico o seu resultado preliminar, conforme se descreve adiante.<\/p><\/font><br><br>\r\n<font color=black><b>Downloads:<\/b>  194<\/font><br>\r\n<font color=black><b>Tamanho:<\/b>  138 KiB<\/font><br>\r\n<font color=black><b>Data da Publica\u00e7\u00e3o:<\/b> 20\/03\/2024<\/font><br>\r\n<a href=\"https:\/\/www.soledadedeminas.mg.gov.br\/v1\/download\/lei_paulo_gustavo\/Resultado-final-Lei-Paulo-Gustavo-Soledade-de-Minas-28-02.pdf\"><b><center><font color=#0f70b7>Clique aqui para realizar o download (formato: pdf)<\/font><\/center><\/b><\/a><br>\r\n<center><img src=\"https:\/\/www.soledadedeminas.mg.gov.br\/v1\/wp-content\/uploads\/2021\/04\/divisor_4.png\"\/><\/center>\r\n<\/td>\r\n<td bgcolor=\"#0473aa\"><center><font color=\"white\">229<\/font><\/center><\/td>\r\n<\/tr><tr>\r\n<td bgcolor=\"#ffffff\">\r\n<br>\r\n<center><u><b><font color=black><a href=\"https:\/\/www.soledadedeminas.mg.gov.br\/v1\/download\/lei_paulo_gustavo\/WhatsApp-Image-2024-03-01-at-20.48.16.jpeg\">Resultado Preliminar<\/font><\/a><\/center><\/u><\/b>\r\n<br>\r\n<font color=black><b>Descri\u00e7\u00e3o:<\/b><br> <\/font><br><br>\r\n<font color=black><b>Downloads:<\/b>  78<\/font><br>\r\n<font color=black><b>Tamanho:<\/b>  601 KiB<\/font><br>\r\n<font color=black><b>Data da Publica\u00e7\u00e3o:<\/b> 02\/03\/2024<\/font><br>\r\n<a href=\"https:\/\/www.soledadedeminas.mg.gov.br\/v1\/download\/lei_paulo_gustavo\/WhatsApp-Image-2024-03-01-at-20.48.16.jpeg\"><b><center><font color=#0f70b7>Clique aqui para realizar o download (formato: jpg)<\/font><\/center><\/b><\/a><br>\r\n<center><img src=\"https:\/\/www.soledadedeminas.mg.gov.br\/v1\/wp-content\/uploads\/2021\/04\/divisor_4.png\"\/><\/center>\r\n<\/td>\r\n<td bgcolor=\"#0473aa\"><center><font color=\"white\">223<\/font><\/center><\/td>\r\n<\/tr><tr>\r\n<td bgcolor=\"#ffffff\">\r\n<br>\r\n<center><u><b><font color=black><a href=\"https:\/\/www.soledadedeminas.mg.gov.br\/v1\/download\/lei_paulo_gustavo\/SCAN0000_rotated.pdf\">Portaria 33\/2024<\/font><\/a><\/center><\/u><\/b>\r\n<br>\r\n<font color=black><b>Descri\u00e7\u00e3o:<\/b><br> <p style=\"text-align: justify;\">Institui a Comiss\u00e3o de Sele\u00e7\u00e3o e Julgamento dos PROJETOS inscritos nos editais de chamamentos p\u00fablicos n\u00ba 02\/2023 e 03\/2023, referente a Lei Complementar n\u00ba 195\/2023 \u2013 Lei Paulo Gustavo, no Munic\u00edpio de Soledade de Minas\/MG.<\/p><\/font><br><br>\r\n<font color=black><b>Downloads:<\/b>  231<\/font><br>\r\n<font color=black><b>Tamanho:<\/b>  388 KiB<\/font><br>\r\n<font color=black><b>Data da Publica\u00e7\u00e3o:<\/b> 26\/02\/2024<\/font><br>\r\n<a href=\"https:\/\/www.soledadedeminas.mg.gov.br\/v1\/download\/lei_paulo_gustavo\/SCAN0000_rotated.pdf\"><b><center><font color=#0f70b7>Clique aqui para realizar o download (formato: pdf)<\/font><\/center><\/b><\/a><br>\r\n<center><img src=\"https:\/\/www.soledadedeminas.mg.gov.br\/v1\/wp-content\/uploads\/2021\/04\/divisor_4.png\"\/><\/center>\r\n<\/td>\r\n<td bgcolor=\"#0473aa\"><center><font color=\"white\">221<\/font><\/center><\/td>\r\n<\/tr><tr>\r\n<td bgcolor=\"#ffffff\">\r\n<br>\r\n<center><u><b><font color=black><a href=\"https:\/\/www.soledadedeminas.mg.gov.br\/v1\/download\/lei_paulo_gustavo\/032023_edital.pdf\">EDITAL DE CHAMAMENTO P\u00daBLICO N\u00ba 03\/2023 - LEI PAULO GUSTAVO<\/font><\/a><\/center><\/u><\/b>\r\n<br>\r\n<font color=black><b>Descri\u00e7\u00e3o:<\/b><br> <p style=\"text-align: justify;\">1.1 O objeto deste Edital \u00e9 a sele\u00e7\u00e3o de agentes culturais das demais \u00e1rea art\u00edsticas \u2013 exceto do audiovisual, que tenham prestado relevante contribui\u00e7\u00e3o ao desenvolvimento art\u00edstico ou cultural do munic\u00edpio de Soledade de Minas, observadas as categorias descritas no Anexo I.<\/p><br \/>\r\n<p style=\"text-align: justify;\">1.2 O pr\u00eamio possui natureza jur\u00eddica de doa\u00e7\u00e3o sem encargo, e ser\u00e1 realizado por meio de pagamento direto ao contemplado, sem estabelecimento de obriga\u00e7\u00f5es futuras, sem exig\u00eancia de contrapartida, e sem necessidade de assinatura de instrumento jur\u00eddico, conforme autoriza o art. 41 do Decreto n\u00ba 11.453\/2023 (Decreto de Fomento).<\/p><\/font><br><br>\r\n<font color=black><b>Downloads:<\/b>  283<\/font><br>\r\n<font color=black><b>Tamanho:<\/b>  342 KiB<\/font><br>\r\n<font color=black><b>Data da Publica\u00e7\u00e3o:<\/b> 05\/01\/2024<\/font><br>\r\n<a href=\"https:\/\/www.soledadedeminas.mg.gov.br\/v1\/download\/lei_paulo_gustavo\/032023_edital.pdf\"><b><center><font color=#0f70b7>Clique aqui para realizar o download (formato: pdf)<\/font><\/center><\/b><\/a><br>\r\n<center><img src=\"https:\/\/www.soledadedeminas.mg.gov.br\/v1\/wp-content\/uploads\/2021\/04\/divisor_4.png\"\/><\/center>\r\n<\/td>\r\n<td bgcolor=\"#0473aa\"><center><font color=\"white\">189<\/font><\/center><\/td>\r\n<\/tr><tr>\r\n<td bgcolor=\"#ffffff\">\r\n<br>\r\n<center><u><b><font color=black><a href=\"https:\/\/www.soledadedeminas.mg.gov.br\/v1\/download\/lei_paulo_gustavo\/editaldechamamentopublico_022023.pdf\">EDITAL DE CHAMAMENTO P\u00daBLICO N\u00ba 02\/2023 - LEI PAULO GUSTAVO<\/font><\/a><\/center><\/u><\/b>\r\n<br>\r\n<font color=black><b>Descri\u00e7\u00e3o:<\/b><br> <p style=\"text-align: justify;\">O objeto deste Edital \u00e9 a sele\u00e7\u00e3o de projetos culturais de AUDIOVISUAL para receberem apoio financeiro nas categorias descritas no Anexo I, por meio da celebra\u00e7\u00e3o de Termo de Execu\u00e7\u00e3o Cultural, com o objetivo de incentivar as diversas formas de manifesta\u00e7\u00f5es culturais do Munic\u00edpio de Soledade de Minas\/MG.<\/p><\/font><br><br>\r\n<font color=black><b>Downloads:<\/b>  196<\/font><br>\r\n<font color=black><b>Tamanho:<\/b>  497 KiB<\/font><br>\r\n<font color=black><b>Data da Publica\u00e7\u00e3o:<\/b> 11\/12\/2023<\/font><br>\r\n<a href=\"https:\/\/www.soledadedeminas.mg.gov.br\/v1\/download\/lei_paulo_gustavo\/editaldechamamentopublico_022023.pdf\"><b><center><font color=#0f70b7>Clique aqui para realizar o download (formato: pdf)<\/font><\/center><\/b><\/a><br>\r\n<center><img src=\"https:\/\/www.soledadedeminas.mg.gov.br\/v1\/wp-content\/uploads\/2021\/04\/divisor_4.png\"\/><\/center>\r\n<\/td>\r\n<td bgcolor=\"#0473aa\"><center><font color=\"white\">186<\/font><\/center><\/td>\r\n<\/tr><\/tbody>\r\n<\/table>\r\n<script type=\"text\/javascript\" charset=\"utf-8\">\r\n\tjQuery(document).ready(function() {\r\n\t\tjQuery('#wpfb-data-table-69fb1b80ebf80').dataTable((function(options){ var wpfbOptions = {\"aaSorting\":[[1,\"desc\"]]};  if('object' == typeof(options)) { for (var v in options) { wpfbOptions[v] = options[v]; } } return wpfbOptions; })());\r\n\t} );\r\n<\/script>\n","protected":false},"excerpt":{"rendered":"","protected":false},"author":1,"featured_media":0,"parent":0,"menu_order":0,"comment_status":"closed","ping_status":"closed","template":"","meta":[],"_links":{"self":[{"href":"https:\/\/www.soledadedeminas.mg.gov.br\/v1\/wp-json\/wp\/v2\/pages\/1468"}],"collection":[{"href":"https:\/\/www.soledadedeminas.mg.gov.br\/v1\/wp-json\/wp\/v2\/pages"}],"about":[{"href":"https:\/\/www.soledadedeminas.mg.gov.br\/v1\/wp-json\/wp\/v2\/types\/page"}],"author":[{"embeddable":true,"href":"https:\/\/www.soledadedeminas.mg.gov.br\/v1\/wp-json\/wp\/v2\/users\/1"}],"replies":[{"embeddable":true,"href":"https:\/\/www.soledadedeminas.mg.gov.br\/v1\/wp-json\/wp\/v2\/comments?post=1468"}],"version-history":[{"count":3,"href":"https:\/\/www.soledadedeminas.mg.gov.br\/v1\/wp-json\/wp\/v2\/pages\/1468\/revisions"}],"predecessor-version":[{"id":1471,"href":"https:\/\/www.soledadedeminas.mg.gov.br\/v1\/wp-json\/wp\/v2\/pages\/1468\/revisions\/1471"}],"wp:attachment":[{"href":"https:\/\/www.soledadedeminas.mg.gov.br\/v1\/wp-json\/wp\/v2\/media?parent=1468"}],"curies":[{"name":"wp","href":"https:\/\/api.w.org\/{rel}","templated":true}]}}