{"id":1271,"date":"2023-01-16T22:00:17","date_gmt":"2023-01-16T22:00:17","guid":{"rendered":"https:\/\/www.soledadedeminas.mg.gov.br\/v1\/?page_id=1271"},"modified":"2023-01-16T22:00:17","modified_gmt":"2023-01-16T22:00:17","slug":"portarias","status":"publish","type":"page","link":"https:\/\/www.soledadedeminas.mg.gov.br\/v1\/portarias\/","title":{"rendered":"Portarias"},"content":{"rendered":"<div class=\"fusion-fullwidth fullwidth-box fusion-builder-row-1 fusion-flex-container nonhundred-percent-fullwidth non-hundred-percent-height-scrolling\" style=\"background-color: rgba(255,255,255,0);background-position: center center;background-repeat: no-repeat;border-width: 0px 0px 0px 0px;border-color:#e2e2e2;border-style:solid;\" ><div class=\"fusion-builder-row fusion-row fusion-flex-align-items-flex-start\" style=\"max-width:1185.6px;margin-left: calc(-4% \/ 2 );margin-right: calc(-4% \/ 2 );\"><div class=\"fusion-layout-column fusion_builder_column fusion-builder-column-0 fusion_builder_column_1_1 1_1 fusion-flex-column\"><div class=\"fusion-column-wrapper fusion-flex-justify-content-flex-start fusion-content-layout-column\" style=\"background-position:left top;background-repeat:no-repeat;-webkit-background-size:cover;-moz-background-size:cover;-o-background-size:cover;background-size:cover;padding: 0px 0px 0px 0px;\"><div class=\"fusion-text fusion-text-1\"><script type='text\/javascript' src='https:\/\/www.soledadedeminas.mg.gov.br\/v1\/wp-includes\/js\/jquery\/jquery.js?ver=1.12.4-wp' id='jquery-core-js'><\/script>\n<script type='text\/javascript' src='https:\/\/www.soledadedeminas.mg.gov.br\/v1\/wp-content\/plugins\/WP-Filebase-master\/extras\/jquery\/dataTables\/datatables.min.js?ver=0.3.4.24' id='jquery-dataTables-js'><\/script>\n\r\n<link rel='stylesheet' id='jquery-dataTables-css'  href='https:\/\/www.soledadedeminas.mg.gov.br\/v1\/wp-content\/plugins\/WP-Filebase-master\/extras\/jquery\/dataTables\/datatables.min.css?ver=0.3.4.24' type='text\/css' media='all' \/>\n\r\n<table id=\"wpfb-data-table-69e1f579f27d7\">\r\n<thead>\r\n\t<tr><th scope=\"col\">DOCUMENTOS PUBLICADOS<\/th><th scope=\"col\">ID<\/th><\/tr>\r\n<\/thead>\r\n<tbody><tr>\r\n<td bgcolor=\"#ffffff\">\r\n<br>\r\n<center><u><b><font color=black><a href=\"https:\/\/www.soledadedeminas.mg.gov.br\/v1\/download\/portarias\/SCAN0000-1.PDF\">353\/2024<\/font><\/a><\/center><\/u><\/b>\r\n<br>\r\n<font color=black><b>Descri\u00e7\u00e3o:<\/b><br> <p style=\"text-align: justify;\">Convoca a 1\u00aa Confer\u00eancia Municipal de Cultura, Aprova o Regimento Interno da 1\u00aa Confer\u00eancia Municipal de Cultura no Munic\u00edpio de Soledade de Minas e d\u00e1 provid\u00eancias.<\/p><\/font><br><br>\r\n<font color=black><b>Downloads:<\/b>  113<\/font><br>\r\n<font color=black><b>Tamanho:<\/b>  556 KiB<\/font><br>\r\n<font color=black><b>Data da Publica\u00e7\u00e3o:<\/b> 28\/06\/2024<\/font><br>\r\n<a href=\"https:\/\/www.soledadedeminas.mg.gov.br\/v1\/download\/portarias\/SCAN0000-1.PDF\"><b><center><font color=#0f70b7>Clique aqui para realizar o download (formato: pdf)<\/font><\/center><\/b><\/a><br>\r\n<center><img src=\"https:\/\/www.soledadedeminas.mg.gov.br\/v1\/wp-content\/uploads\/2021\/04\/divisor_4.png\"\/><\/center>\r\n<\/td>\r\n<td bgcolor=\"#0473aa\"><center><font color=\"white\">286<\/font><\/center><\/td>\r\n<\/tr><tr>\r\n<td bgcolor=\"#ffffff\">\r\n<br>\r\n<center><u><b><font color=black><a href=\"https:\/\/www.soledadedeminas.mg.gov.br\/v1\/download\/portarias\/SCAN0000_rotated.pdf\">33\/2024<\/font><\/a><\/center><\/u><\/b>\r\n<br>\r\n<font color=black><b>Descri\u00e7\u00e3o:<\/b><br> Institui a Comiss\u00e3o de Sele\u00e7\u00e3o e Julgamento dos PROJETOS inscritos nos editais de chamamentos p\u00fablicos n\u00ba 02\/2023 e 03\/2023, referente a Lei Complementar n\u00ba 195\/2023 \u2013 Lei Paulo Gustavo, no Munic\u00edpio de Soledade de Minas\/MG.<\/font><br><br>\r\n<font color=black><b>Downloads:<\/b>  111<\/font><br>\r\n<font color=black><b>Tamanho:<\/b>  388 KiB<\/font><br>\r\n<font color=black><b>Data da Publica\u00e7\u00e3o:<\/b> 26\/02\/2024<\/font><br>\r\n<a href=\"https:\/\/www.soledadedeminas.mg.gov.br\/v1\/download\/portarias\/SCAN0000_rotated.pdf\"><b><center><font color=#0f70b7>Clique aqui para realizar o download (formato: pdf)<\/font><\/center><\/b><\/a><br>\r\n<center><img src=\"https:\/\/www.soledadedeminas.mg.gov.br\/v1\/wp-content\/uploads\/2021\/04\/divisor_4.png\"\/><\/center>\r\n<\/td>\r\n<td bgcolor=\"#0473aa\"><center><font color=\"white\">220<\/font><\/center><\/td>\r\n<\/tr><tr>\r\n<td bgcolor=\"#ffffff\">\r\n<br>\r\n<center><u><b><font color=black><a href=\"https:\/\/www.soledadedeminas.mg.gov.br\/v1\/download\/portarias\/Portaria-do-Fundeb-2023.pdf\">07\/2023<\/font><\/a><\/center><\/u><\/b>\r\n<br>\r\n<font color=black><b>Descri\u00e7\u00e3o:<\/b><br> <p style=\"text-align: justify;\">Disp\u00f5e sobre Nomea\u00e7\u00e3o de Membros do Conselhos de Acompanhamento e Controle Social do Fundo de Manuten\u00e7\u00e3o e Desenvolvimento da Educa\u00e7\u00e3o B\u00e1sica e Valoriza\u00e7\u00e3o dos Profissionais da Educa\u00e7\u00e3o de Soledade de Minas - (CACS FUNDEB)<\/p><\/font><br><br>\r\n<font color=black><b>Downloads:<\/b>  334<\/font><br>\r\n<font color=black><b>Tamanho:<\/b>  897 KiB<\/font><br>\r\n<font color=black><b>Data da Publica\u00e7\u00e3o:<\/b> 14\/02\/2023<\/font><br>\r\n<a href=\"https:\/\/www.soledadedeminas.mg.gov.br\/v1\/download\/portarias\/Portaria-do-Fundeb-2023.pdf\"><b><center><font color=#0f70b7>Clique aqui para realizar o download (formato: pdf)<\/font><\/center><\/b><\/a><br>\r\n<center><img src=\"https:\/\/www.soledadedeminas.mg.gov.br\/v1\/wp-content\/uploads\/2021\/04\/divisor_4.png\"\/><\/center>\r\n<\/td>\r\n<td bgcolor=\"#0473aa\"><center><font color=\"white\">106<\/font><\/center><\/td>\r\n<\/tr><tr>\r\n<td bgcolor=\"#ffffff\">\r\n<br>\r\n<center><u><b><font color=black><a href=\"https:\/\/www.soledadedeminas.mg.gov.br\/v1\/download\/portarias\/Portaria-de-nomeacao-Cintia.pdf\">03\/2020<\/font><\/a><\/center><\/u><\/b>\r\n<br>\r\n<font color=black><b>Descri\u00e7\u00e3o:<\/b><br> Disp\u00f5e sobre Nomea\u00e7\u00e3o para Cargo P\u00fablico Comissionado<\/font><br><br>\r\n<font color=black><b>Downloads:<\/b>  212<\/font><br>\r\n<font color=black><b>Tamanho:<\/b>  179 KiB<\/font><br>\r\n<font color=black><b>Data da Publica\u00e7\u00e3o:<\/b> 16\/01\/2023<\/font><br>\r\n<a href=\"https:\/\/www.soledadedeminas.mg.gov.br\/v1\/download\/portarias\/Portaria-de-nomeacao-Cintia.pdf\"><b><center><font color=#0f70b7>Clique aqui para realizar o download (formato: pdf)<\/font><\/center><\/b><\/a><br>\r\n<center><img src=\"https:\/\/www.soledadedeminas.mg.gov.br\/v1\/wp-content\/uploads\/2021\/04\/divisor_4.png\"\/><\/center>\r\n<\/td>\r\n<td bgcolor=\"#0473aa\"><center><font color=\"white\">103<\/font><\/center><\/td>\r\n<\/tr><\/tbody>\r\n<\/table>\r\n<script type=\"text\/javascript\" charset=\"utf-8\">\r\n\tjQuery(document).ready(function() {\r\n\t\tjQuery('#wpfb-data-table-69e1f579f27d7').dataTable((function(options){ var wpfbOptions = {\"aaSorting\":[[1,\"desc\"]]};  if('object' == typeof(options)) { for (var v in options) { wpfbOptions[v] = options[v]; } } return wpfbOptions; })());\r\n\t} );\r\n<\/script>\n<\/div><\/div><style type=\"text\/css\">.fusion-body .fusion-builder-column-0{width:100% !important;margin-top : 0px;margin-bottom : 20px;}.fusion-builder-column-0 > .fusion-column-wrapper {padding-top : 0px !important;padding-right : 0px !important;margin-right : 1.92%;padding-bottom : 0px !important;padding-left : 0px !important;margin-left : 1.92%;}@media only screen and (max-width:1024px) {.fusion-body .fusion-builder-column-0{width:100% !important;order : 0;}.fusion-builder-column-0 > .fusion-column-wrapper {margin-right : 1.92%;margin-left : 1.92%;}}@media only screen and (max-width:640px) {.fusion-body .fusion-builder-column-0{width:100% !important;order : 0;}.fusion-builder-column-0 > .fusion-column-wrapper {margin-right : 1.92%;margin-left : 1.92%;}}<\/style><\/div><\/div><style type=\"text\/css\">.fusion-body .fusion-flex-container.fusion-builder-row-1{ padding-top : 0px;margin-top : 0px;padding-right : 0px;padding-bottom : 0px;margin-bottom : 0px;padding-left : 0px;}<\/style><\/div>\n","protected":false},"excerpt":{"rendered":"","protected":false},"author":1,"featured_media":0,"parent":0,"menu_order":0,"comment_status":"closed","ping_status":"closed","template":"","meta":[],"_links":{"self":[{"href":"https:\/\/www.soledadedeminas.mg.gov.br\/v1\/wp-json\/wp\/v2\/pages\/1271"}],"collection":[{"href":"https:\/\/www.soledadedeminas.mg.gov.br\/v1\/wp-json\/wp\/v2\/pages"}],"about":[{"href":"https:\/\/www.soledadedeminas.mg.gov.br\/v1\/wp-json\/wp\/v2\/types\/page"}],"author":[{"embeddable":true,"href":"https:\/\/www.soledadedeminas.mg.gov.br\/v1\/wp-json\/wp\/v2\/users\/1"}],"replies":[{"embeddable":true,"href":"https:\/\/www.soledadedeminas.mg.gov.br\/v1\/wp-json\/wp\/v2\/comments?post=1271"}],"version-history":[{"count":1,"href":"https:\/\/www.soledadedeminas.mg.gov.br\/v1\/wp-json\/wp\/v2\/pages\/1271\/revisions"}],"predecessor-version":[{"id":1272,"href":"https:\/\/www.soledadedeminas.mg.gov.br\/v1\/wp-json\/wp\/v2\/pages\/1271\/revisions\/1272"}],"wp:attachment":[{"href":"https:\/\/www.soledadedeminas.mg.gov.br\/v1\/wp-json\/wp\/v2\/media?parent=1271"}],"curies":[{"name":"wp","href":"https:\/\/api.w.org\/{rel}","templated":true}]}}